{"id":1564,"date":"2021-07-11T19:40:43","date_gmt":"2021-07-11T17:40:43","guid":{"rendered":"http:\/\/garvolley.it\/?page_id=1564"},"modified":"2025-01-22T22:56:27","modified_gmt":"2025-01-22T21:56:27","slug":"chi-siamo","status":"publish","type":"page","link":"https:\/\/garvolley.it\/home\/chi-siamo\/","title":{"rendered":"CHI SIAMO"},"content":{"rendered":"<p>[vc_row][vc_column]<div class=\"dt-fancy-separator title-left h1-size accent-title-color\" style=\"width: 100%;\"><div class=\"dt-fancy-title\"><span class=\"separator-holder separator-left\"><\/span>La nostra storia<span class=\"separator-holder separator-right\"><\/span><\/div><\/div>[\/vc_column][\/vc_row][vc_row][vc_column][vc_custom_heading text=&#8221;G.A.R. PALLAVOLO RESCALDINA ASD&#8221; font_container=&#8221;tag:h2|text_align:left|color:%231e73be&#8221; google_fonts=&#8221;font_family:Alfa%20Slab%20One%3Aregular|font_style:400%20regular%3A400%3Anormal&#8221; css_animation=&#8221;fadeIn&#8221;][vc_column_text]<\/p>\n<p class=\"x_MsoNormal\">La societ\u00e0 G.A.R. (Giovent\u00f9 Atletica Rescaldinese) \u00e8 stata fondata nel 1960, iniziativa di ERMANNO TURCONI, e si basa principalmente sulle attivit\u00e0 giovanili. Le aree di competenza sono: Provincia di Milano, Regione Lombardia.<\/p>\n<p class=\"x_MsoNormal\">Dal 1979 affiliazione FIPAV (Federazione Italiana Pallavolo), G.A.R. PALLAVOLO RESCALDINA FEMMINILE.<\/p>\n<p class=\"x_MsoNormal\">Nel 1980 la 1^ divisione con allenatore TURCONI DARIO EMILIO ottiene ottimi risultati e dal 1984 si allarga avviando le attivit\u00e0 giovanili femminili, per poi passare successivamente ai Campionati Provinciali e Regionali\u00a0 anche con squadre maschili.<\/p>\n<p class=\"x_MsoNormal\">Nel 2022 sotto la guida del nuovo direttivo, si affilia con la societ\u00e0 UYBA UNET YAMAMAY Busto Arsizio per meglio promuovere la propria attivit\u00e0 sul territorio e aumentare le possibilit\u00e0 di crescita delle atlete.<\/p>\n<h3>ATTUALMENTE<\/h3>\n<p>Gar Pallavolo Rescaldina Associazione Sportiva Dilettantistica \u00e8 affiliata a FIPAV &#8211; PGS &#8211; ACSI.<\/p>\n<p>L&#8217;associazione\u00a0 opera con l&#8217;intento di promuovere la pallavolo organizzando corsi rivolti a bambini, bambine e ragazze, partecipando ai campionati di categoria indetti dalle federazioni.<\/p>\n<p>Al suo interno sono cresciute generazioni di bambine e ragazze che hanno imparato i valori fondamentali dello sport e l&#8217;importanza del lavoro di squadra.<\/p>\n<p>Gli\u00a0 istruttori di pallavolo sono tra i pi\u00f9 esperti e qualificati della zona e sono sicuramente i pi\u00f9 adatti a sviluppare il talento delle bambine che iniziano a giocare e delle ragazze che vogliono raggiungere livelli di eccellenza.<\/p>\n<p>Per questo motivo Gar Pallavolo Rescaldina Associazione Sportiva Dilettantistica sar\u00e0 lieta di accogliere anche tua figlia\/figlio, perch\u00e9 possa raggiungere il successo che merita in un ambiente amichevole e con un sacco di nuove amiche\/amici.<\/p>\n<p>Gli allenamenti si svolgono nella palestra Ottolini in via Mazzini, 5\u00a0 e seguono l&#8217;andamento del calendario scolastico mentre le partite, comprese quelle della prima squadra, si tengono generalmente nel fine settimana.[\/vc_column_text][\/vc_column][\/vc_row][vc_row][vc_column width=&#8221;1\/2&#8243;]<div class=\"dt-fancy-separator title-left h2-size accent-title-color\" style=\"width: 100%;\"><div class=\"dt-fancy-title\"><span class=\"separator-holder separator-left\"><\/span>Direttivo:<span class=\"separator-holder separator-right\"><\/span><\/div><\/div>[vc_column_text]<\/p>\n<p class=\"x_MsoNormal\"><strong>PRESIDENTE<\/strong> \u2013 PAGLIALONGA GIUSEPPE<\/p>\n<p class=\"x_MsoNormal\"><strong>VICEPRESIDENTE<\/strong> \u2013 CASATI ALBERTO<\/p>\n<p class=\"x_MsoNormal\"><strong>DIRETTORE SPORTIVO<\/strong> \u2013 RAIMONDI DAVIDE<\/p>\n<p>&nbsp;<\/p>\n<h3><strong><em>SOCI:<\/em><\/strong><\/h3>\n<p class=\"x_MsoNormal\"><strong>SOCIO FONDATORE<\/strong> \u2013 TURCONI DARIO EMILIO<\/p>\n<p class=\"x_MsoNormal\"><strong>SOCIO &#8211; ARBITRO<\/strong> \u2013 GIUFFRIDA ALFREDO<\/p>\n<p class=\"x_MsoNormal\"><strong>SOCIO &#8211; RESPONSABILE MINIVOLLEY<\/strong> \u2013 CASATI CLAUDIO<\/p>\n<p class=\"x_MsoNormal\"><strong>SOCIO<\/strong> \u2013 MARCHESIN DIEGO<\/p>\n<p class=\"x_MsoNormal\"><strong>SOCIO<\/strong> \u2013 MOSCHETTO EGIDIO<\/p>\n<p><strong>SOCIA <\/strong>\u2013 BELLITTO ILARIA<\/p>\n<p><strong>SOCIA <\/strong>\u2013 FARE&#8217; ROSANNA<\/p>\n<p><strong>SOCIA <\/strong>\u2013 PASSADORE STEFANIA<\/p>\n<p><strong>SOCIO <\/strong>\u2013 GRIMOLDI MARCO[\/vc_column_text][\/vc_column][vc_column width=&#8221;1\/2&#8243;]<div class=\"gap\" style=\"line-height: 10px; height: 10px;\"><\/div><div class=\"smile_icon_list_wrap ult_info_list_container ult-adjust-bottom-margin  \"><ul class=\"smile_icon_list left circle with_bg\"><li class=\"icon_list_item\" style=\" font-size:54px;\"><div class=\"icon_list_icon\" data-animation=\"fadeIn\" data-animation-delay=\"03\" style=\"font-size:18px;border-width:1px;border-style:none;background:#1e73be;color:#ffffff;border-color:#333333;\"><i class=\"fas fa-info\" ><\/i><\/div><div class=\"icon_description\" id=\"Info-list-wrap-6179\" style=\"font-size:18px;\"><div class=\"icon_description_text ult-responsive\"  data-ultimate-target='#Info-list-wrap-6179 .icon_description_text'  data-responsive-json-new='{\"font-size\":\"desktop:13px;\",\"line-height\":\"desktop:18px;\"}'  style=\"\"><h3 class=\"x_MsoNormal\"><strong>NOME:<\/strong> G.A.R. PALLAVOLO RESCALDINA ASD<\/h3>\n<h3 class=\"x_MsoNormal\"><strong>COLORE SOCIALE:<\/strong> BIANCO &#8211; BLU<\/h3>\n<h3 class=\"x_MsoNormal\"><strong>CITTA\u2019:<\/strong> RESCALDINA (MI)<\/h3>\n<h3 class=\"x_MsoNormal\"><strong>FEDERAZIONE:<\/strong> FIPAV<\/h3>\n<h3 class=\"x_MsoNormal\"><strong>FONDAZIONE:<\/strong> 1979<\/h3>\n<h3 class=\"x_MsoNormal\"><strong>PRESIDENTE:<\/strong> PAGLIALONGA GIUSEPPE<\/h3>\n<h3 class=\"x_MsoNormal\"><strong>IMPIANTI:<\/strong> Via MATTEOTTI, 6 \u2013 PALESTRA SCUOLA OTTOLINI<\/h3>\n<\/div><\/div><div class=\"icon_list_connector\"  style=\"border-right-width: 1px;border-right-style: dashed;border-color: #333333;\"><\/div><\/li><\/ul><\/div>[\/vc_column][\/vc_row]<\/p>\n","protected":false},"excerpt":{"rendered":"<p>[vc_row][vc_column][\/vc_column][\/vc_row][vc_row][vc_column][vc_custom_heading text=&#8221;G.A.R. PALLAVOLO RESCALDINA ASD&#8221; font_container=&#8221;tag:h2|text_align:left|color:%231e73be&#8221; google_fonts=&#8221;font_family:Alfa%20Slab%20One%3Aregular|font_style:400%20regular%3A400%3Anormal&#8221; css_animation=&#8221;fadeIn&#8221;][vc_column_text] La societ\u00e0 G.A.R. (Giovent\u00f9 Atletica Rescaldinese) \u00e8 stata fondata nel 1960, iniziativa di ERMANNO TURCONI, e si basa principalmente sulle attivit\u00e0 giovanili. Le aree di competenza sono: Provincia di Milano, Regione Lombardia. Dal 1979 affiliazione FIPAV (Federazione Italiana Pallavolo), G.A.R. PALLAVOLO RESCALDINA FEMMINILE. Nel 1980 la 1^&hellip;<\/p>\n","protected":false},"author":1,"featured_media":0,"parent":0,"menu_order":0,"comment_status":"closed","ping_status":"closed","template":"","meta":{"ngg_post_thumbnail":0,"footnotes":""},"class_list":["post-1564","page","type-page","status-publish","hentry","description-off"],"_links":{"self":[{"href":"https:\/\/garvolley.it\/home\/wp-json\/wp\/v2\/pages\/1564","targetHints":{"allow":["GET"]}}],"collection":[{"href":"https:\/\/garvolley.it\/home\/wp-json\/wp\/v2\/pages"}],"about":[{"href":"https:\/\/garvolley.it\/home\/wp-json\/wp\/v2\/types\/page"}],"author":[{"embeddable":true,"href":"https:\/\/garvolley.it\/home\/wp-json\/wp\/v2\/users\/1"}],"replies":[{"embeddable":true,"href":"https:\/\/garvolley.it\/home\/wp-json\/wp\/v2\/comments?post=1564"}],"version-history":[{"count":19,"href":"https:\/\/garvolley.it\/home\/wp-json\/wp\/v2\/pages\/1564\/revisions"}],"predecessor-version":[{"id":52202,"href":"https:\/\/garvolley.it\/home\/wp-json\/wp\/v2\/pages\/1564\/revisions\/52202"}],"wp:attachment":[{"href":"https:\/\/garvolley.it\/home\/wp-json\/wp\/v2\/media?parent=1564"}],"curies":[{"name":"wp","href":"https:\/\/api.w.org\/{rel}","templated":true}]}}